{"id":17832,"date":"2026-01-05T15:01:49","date_gmt":"2026-01-05T14:01:49","guid":{"rendered":"https:\/\/gruporetiro.com\/inversor\/?page_id=17832"},"modified":"2026-02-09T18:44:46","modified_gmt":"2026-02-09T17:44:46","slug":"aviso-legal","status":"publish","type":"page","link":"https:\/\/www.gruporetiro.com\/inversor\/aviso-legal\/","title":{"rendered":"Aviso legal"},"content":{"rendered":"\t\t<div data-elementor-type=\"wp-page\" data-elementor-id=\"17832\" class=\"elementor elementor-17832\">\n\t\t\t\t<div class=\"elementor-element elementor-element-a539fb7 e-con-full e-flex e-con e-parent\" data-id=\"a539fb7\" data-element_type=\"container\" data-e-type=\"container\">\n\t\t<div class=\"elementor-element elementor-element-52e914d animated-slow e-flex e-con-boxed elementor-invisible e-con e-child\" data-id=\"52e914d\" data-element_type=\"container\" data-e-type=\"container\" data-settings=\"{&quot;animation&quot;:&quot;fadeIn&quot;}\">\n\t\t\t\t\t<div class=\"e-con-inner\">\n\t\t<div class=\"elementor-element elementor-element-33e73f9 e-con-full e-flex e-con e-child\" data-id=\"33e73f9\" data-element_type=\"container\" data-e-type=\"container\">\n\t\t\t\t<div class=\"elementor-element elementor-element-ac0551b elementor-widget elementor-widget-heading\" data-id=\"ac0551b\" data-element_type=\"widget\" data-e-type=\"widget\" data-widget_type=\"heading.default\">\n\t\t\t\t\t<h1 class=\"elementor-heading-title elementor-size-default\">Aviso legal<\/h1>\t\t\t\t<\/div>\n\t\t\t\t<\/div>\n\t\t\t\t\t<\/div>\n\t\t\t\t<\/div>\n\t\t<div class=\"elementor-element elementor-element-937bed4 e-flex e-con-boxed e-con e-child\" data-id=\"937bed4\" data-element_type=\"container\" data-e-type=\"container\">\n\t\t\t\t\t<div class=\"e-con-inner\">\n\t\t<div class=\"elementor-element elementor-element-917244e e-con-full e-flex e-con e-child\" data-id=\"917244e\" data-element_type=\"container\" data-e-type=\"container\">\n\t\t\t\t<div class=\"elementor-element elementor-element-2bfd4d5 elementor-widget__width-inherit elementor-widget elementor-widget-text-editor\" data-id=\"2bfd4d5\" data-element_type=\"widget\" data-e-type=\"widget\" data-widget_type=\"text-editor.default\">\n\t\t\t\t\t\t\t\t\t<p>INFORMACI\u00d3N AL USUARIO<\/p>\t\t\t\t\t\t\t\t<\/div>\n\t\t\t\t<div class=\"elementor-element elementor-element-eaeb632 elementor-widget elementor-widget-text-editor\" data-id=\"eaeb632\" data-element_type=\"widget\" data-e-type=\"widget\" data-widget_type=\"text-editor.default\">\n\t\t\t\t\t\t\t\t\t<p>\u00bfQui\u00e9n es el responsable del tratamiento de tus datos personales? GRUPO RENTA VITALICIA MAYORES, S.A. es el RESPONSABLE del tratamiento de los datos personales del USUARIO y le informa de que estos datos ser\u00e1n tratados de conformidad con lo dispuesto en el Reglamento (UE) 2016\/679, de 27 de abril (GDPR), y la Ley Org\u00e1nica 3\/2018, de 5 de diciembre (LOPDGDD). \u00bfPara qu\u00e9 tratamos tus datos personales y por qu\u00e9 lo hacemos? Seg\u00fan el formulario donde hayamos obtenidosus datos personales, los trataremos de manera confidencial para alcanzar los siguientes fines: En el formulario Contacto<\/p><ul role=\"list\"><li>Dar respuesta a las consultas o cualquier tipo de petici\u00f3n que sea realizada por el usuario a trav\u00e9s de cualquiera de las formas de contacto que se ponen a su disposici\u00f3n en la p\u00e1gina web del responsable. (por el inter\u00e9s leg\u00edtimo del responsable, art. 6.1.f GDPR)<\/li><li>Realizar an\u00e1lisis estad\u00edsticos y estudios de mercado. (por el inter\u00e9s leg\u00edtimo del responsable, art. 6.1.f GDPR)<\/li><\/ul><p>En el formulario Newsletter<\/p><ul role=\"list\"><li>Remitir boletines informativos, novedades, ofertas y promociones online. (por el consentimiento del interesado, 6.1.a GDPR)<\/li><\/ul><p>\u00bfDurante cu\u00e1nto tiempo guardaremos tus datos personales? Se conservar\u00e1n durante no m\u00e1s tiempo del necesario para mantener el fin del tratamiento o existan prescripciones legales que dictaminen su custodia y cuando ya no sea necesario para ello, se suprimir\u00e1n con medidas de seguridad adecuadas para garantizar la anonimizaci\u00f3n de los datos o la destrucci\u00f3n total de los mismos. \u00bfA qui\u00e9n facilitamos tus datos personales? No est\u00e1 prevista ninguna comunicaci\u00f3n de datos personales a terceros salvo, si fuese necesario para el desarrollo y ejecuci\u00f3n de las finalidades del tratamiento, a nuestros proveedores de servicios relacionados con comunicaciones, con los cuales el RESPONSABLE tiene suscritos los contratos de confidencialidad y de encargado de tratamiento exigidos por la normativa vigente de privacidad. \u00bfCu\u00e1les son tus derechos? Los derechos que asisten al USUARIO son:<\/p><ul role=\"list\"><li>Derecho a retirar el consentimiento en cualquier momento.<\/li><li>Derecho de acceso, rectificaci\u00f3n, portabilidad y supresi\u00f3n de sus datos, y de limitaci\u00f3n u oposici\u00f3n a su tratamiento<\/li><li>Derecho a presentar una reclamaci\u00f3n ante la autoridad de control (www.aepd.es) si considera que el tratamiento no se ajusta a la normativa vigente.<\/li><\/ul><p>Datos de contacto para ejercer sus derechos: GRUPO RENTA VITALICIA MAYORES, S.A.. C\/ VEL\u00c1ZQUEZ, 18 2 IZQ \u2013 28001 MADRID (Madrid). E-mail: gruporetiro@gruporetiro.com Datos de contacto del delegado de protecci\u00f3n de datos: RAPINFORMES ON LINE, S.L., Avd. de Brasil, 17, 6\u00ba, 28020 Madrid \u2013 rapinformes@rapinformes.es<\/p>\t\t\t\t\t\t\t\t<\/div>\n\t\t\t\t<div class=\"elementor-element elementor-element-3df5c7d elementor-widget__width-inherit elementor-widget elementor-widget-text-editor\" data-id=\"3df5c7d\" data-element_type=\"widget\" data-e-type=\"widget\" data-widget_type=\"text-editor.default\">\n\t\t\t\t\t\t\t\t\t<ol><li>CAR\u00c1CTER OBLIGATORIO O FACULTATIVO DE LA INFORMACI\u00d3N FACILITADA POR EL USUARIO<\/li><\/ol>\t\t\t\t\t\t\t\t<\/div>\n\t\t\t\t<div class=\"elementor-element elementor-element-cc3a5de elementor-widget elementor-widget-text-editor\" data-id=\"cc3a5de\" data-element_type=\"widget\" data-e-type=\"widget\" data-widget_type=\"text-editor.default\">\n\t\t\t\t\t\t\t\t\t<div>\u00a0Los USUARIOS, mediante la marcaci\u00f3n de las casillas correspondientes y la entrada de datos en los campos, marcados con un asterisco (*) en el formulario de contacto o presentados en formularios de descarga, aceptan expresamente y de forma libre e inequ\u00edvoca, que sus datos son necesarios para atender su petici\u00f3n, por parte del prestador, siendo voluntaria la inclusi\u00f3n de datos en los campos restantes. El USUARIO garantiza que los datos personales facilitados al RESPONSABLE son veraces y se hace responsable de comunicar cualquier modificaci\u00f3n de los mismos. El RESPONSABLE informa de que todos los datos solicitados a trav\u00e9s del sitio web son obligatorios, ya que son necesarios para la prestaci\u00f3n de un servicio \u00f3ptimo al USUARIO. En caso de que no se faciliten todos los datos, no se garantiza que la informaci\u00f3n y servicios facilitados sean completamente ajustados a sus necesidades.<\/div>\t\t\t\t\t\t\t\t<\/div>\n\t\t\t\t<div class=\"elementor-element elementor-element-58ccfb1 elementor-widget__width-inherit elementor-widget elementor-widget-text-editor\" data-id=\"58ccfb1\" data-element_type=\"widget\" data-e-type=\"widget\" data-widget_type=\"text-editor.default\">\n\t\t\t\t\t\t\t\t\t<div>\u00a02. MEDIDAS DE SEGURIDAD<\/div>\t\t\t\t\t\t\t\t<\/div>\n\t\t\t\t<div class=\"elementor-element elementor-element-a41d8e8 elementor-widget elementor-widget-text-editor\" data-id=\"a41d8e8\" data-element_type=\"widget\" data-e-type=\"widget\" data-widget_type=\"text-editor.default\">\n\t\t\t\t\t\t\t\t\t<p>Que de conformidad con lo dispuesto en las normativas vigentes en protecci\u00f3n de datos personales, el RESPONSABLEest\u00e1 cumpliendo con todas las disposiciones de las normativas GDPR y LOPDGDD para el tratamiento de los datos personales de su responsabilidad, y manifiestamente con los principios descritos en el art\u00edculo 5 del GDPR, por los cuales son tratados de manera l\u00edcita, leal y transparente en relaci\u00f3n con el interesado y adecuados, pertinentes y limitados a lo necesario en relaci\u00f3n con los fines para los que son tratados. El RESPONSABLE garantiza que ha implementado pol\u00edticas t\u00e9cnicas y organizativas apropiadas para aplicar las medidas de seguridad que establecen el GDPR y la LOPDGDD con el fin de proteger los derechos y libertades de los USUARIOS y les ha comunicado la informaci\u00f3n adecuada para que puedan ejercerlos. Para m\u00e1s informaci\u00f3n sobre las garant\u00edas de privacidad, puedes dirigirte alRESPONSABLE a trav\u00e9s de GRUPO RENTA VITALICIA MAYORES, S.A.. C\/ VEL\u00c1ZQUEZ, 18 2 IZQ \u2013 28001 MADRID (Madrid). E-mail: gruporetiro@gruporetiro.com Datos de contacto del delegado de protecci\u00f3n de datos: RAPINFORMES ON LINE, S.L., Avd. de Brasil, 17, 6\u00ba, 28020 Madrid \u2013 rapinformes@rapinformes.es<\/p>\t\t\t\t\t\t\t\t<\/div>\n\t\t\t\t<\/div>\n\t\t\t\t\t<\/div>\n\t\t\t\t<\/div>\n\t\t\t\t<\/div>\n\t\t\t\t<\/div>\n\t\t","protected":false},"excerpt":{"rendered":"<p>Aviso legal INFORMACI\u00d3N AL USUARIO \u00bfQui\u00e9n es el responsable del tratamiento de tus datos personales? GRUPO RENTA VITALICIA MAYORES, S.A. es el RESPONSABLE del tratamiento de los datos personales del USUARIO y le informa de que estos datos ser\u00e1n tratados de conformidad con lo dispuesto en el Reglamento (UE) 2016\/679, de 27 de abril (GDPR), [&hellip;]<\/p>\n","protected":false},"author":1,"featured_media":0,"parent":0,"menu_order":0,"comment_status":"closed","ping_status":"closed","template":"elementor_header_footer","meta":{"_acf_changed":false,"content-type":"","footnotes":""},"class_list":["post-17832","page","type-page","status-publish","hentry"],"acf":[],"yoast_head":"<!-- This site is optimized with the Yoast SEO plugin v26.9 - https:\/\/yoast.com\/product\/yoast-seo-wordpress\/ -->\n<title>Aviso legal - Inversi\u00f3n Renta Vitalicia Aviso legal | Grupo Retiro<\/title>\n<meta name=\"description\" content=\"Aviso legal de Grupo Retiro: titularidad del sitio, condiciones de uso, responsabilidades, propiedad intelectual y normativa aplicable.\" \/>\n<meta name=\"robots\" content=\"index, follow, max-snippet:-1, max-image-preview:large, max-video-preview:-1\" \/>\n<link rel=\"canonical\" href=\"https:\/\/www.gruporetiro.com\/inversor\/aviso-legal\/\" \/>\n<meta property=\"og:locale\" content=\"es_ES\" \/>\n<meta property=\"og:type\" content=\"article\" \/>\n<meta property=\"og:title\" content=\"Aviso legal - Inversi\u00f3n Renta Vitalicia Aviso legal | Grupo Retiro\" \/>\n<meta property=\"og:description\" content=\"Aviso legal de Grupo Retiro: titularidad del sitio, condiciones de uso, responsabilidades, propiedad intelectual y normativa aplicable.\" \/>\n<meta property=\"og:url\" content=\"https:\/\/www.gruporetiro.com\/inversor\/aviso-legal\/\" \/>\n<meta property=\"og:site_name\" content=\"Inversi\u00f3n Renta Vitalicia\" \/>\n<meta property=\"article:modified_time\" content=\"2026-02-09T17:44:46+00:00\" \/>\n<meta name=\"twitter:card\" content=\"summary_large_image\" \/>\n<meta name=\"twitter:label1\" content=\"Tiempo de lectura\" \/>\n\t<meta name=\"twitter:data1\" content=\"4 minutos\" \/>\n<script type=\"application\/ld+json\" class=\"yoast-schema-graph\">{\"@context\":\"https:\/\/schema.org\",\"@graph\":[{\"@type\":\"WebPage\",\"@id\":\"https:\/\/www.gruporetiro.com\/inversor\/aviso-legal\/\",\"url\":\"https:\/\/www.gruporetiro.com\/inversor\/aviso-legal\/\",\"name\":\"Aviso legal - Inversi\u00f3n Renta Vitalicia Aviso legal | Grupo Retiro\",\"isPartOf\":{\"@id\":\"https:\/\/www.gruporetiro.com\/inversor\/#website\"},\"datePublished\":\"2026-01-05T14:01:49+00:00\",\"dateModified\":\"2026-02-09T17:44:46+00:00\",\"description\":\"Aviso legal de Grupo Retiro: titularidad del sitio, condiciones de uso, responsabilidades, propiedad intelectual y normativa aplicable.\",\"breadcrumb\":{\"@id\":\"https:\/\/www.gruporetiro.com\/inversor\/aviso-legal\/#breadcrumb\"},\"inLanguage\":\"es\",\"potentialAction\":[{\"@type\":\"ReadAction\",\"target\":[\"https:\/\/www.gruporetiro.com\/inversor\/aviso-legal\/\"]}]},{\"@type\":\"BreadcrumbList\",\"@id\":\"https:\/\/www.gruporetiro.com\/inversor\/aviso-legal\/#breadcrumb\",\"itemListElement\":[{\"@type\":\"ListItem\",\"position\":1,\"name\":\"Portada\",\"item\":\"https:\/\/www.gruporetiro.com\/inversor\/\"},{\"@type\":\"ListItem\",\"position\":2,\"name\":\"Aviso legal\"}]},{\"@type\":\"WebSite\",\"@id\":\"https:\/\/www.gruporetiro.com\/inversor\/#website\",\"url\":\"https:\/\/www.gruporetiro.com\/inversor\/\",\"name\":\"Inversi\u00f3n Renta Vitalicia\",\"description\":\"\",\"potentialAction\":[{\"@type\":\"SearchAction\",\"target\":{\"@type\":\"EntryPoint\",\"urlTemplate\":\"https:\/\/www.gruporetiro.com\/inversor\/?s={search_term_string}\"},\"query-input\":{\"@type\":\"PropertyValueSpecification\",\"valueRequired\":true,\"valueName\":\"search_term_string\"}}],\"inLanguage\":\"es\"}]}<\/script>\n<!-- \/ Yoast SEO plugin. -->","yoast_head_json":{"title":"Aviso legal - Inversi\u00f3n Renta Vitalicia Aviso legal | Grupo Retiro","description":"Aviso legal de Grupo Retiro: titularidad del sitio, condiciones de uso, responsabilidades, propiedad intelectual y normativa aplicable.","robots":{"index":"index","follow":"follow","max-snippet":"max-snippet:-1","max-image-preview":"max-image-preview:large","max-video-preview":"max-video-preview:-1"},"canonical":"https:\/\/www.gruporetiro.com\/inversor\/aviso-legal\/","og_locale":"es_ES","og_type":"article","og_title":"Aviso legal - Inversi\u00f3n Renta Vitalicia Aviso legal | Grupo Retiro","og_description":"Aviso legal de Grupo Retiro: titularidad del sitio, condiciones de uso, responsabilidades, propiedad intelectual y normativa aplicable.","og_url":"https:\/\/www.gruporetiro.com\/inversor\/aviso-legal\/","og_site_name":"Inversi\u00f3n Renta Vitalicia","article_modified_time":"2026-02-09T17:44:46+00:00","twitter_card":"summary_large_image","twitter_misc":{"Tiempo de lectura":"4 minutos"},"schema":{"@context":"https:\/\/schema.org","@graph":[{"@type":"WebPage","@id":"https:\/\/www.gruporetiro.com\/inversor\/aviso-legal\/","url":"https:\/\/www.gruporetiro.com\/inversor\/aviso-legal\/","name":"Aviso legal - Inversi\u00f3n Renta Vitalicia Aviso legal | Grupo Retiro","isPartOf":{"@id":"https:\/\/www.gruporetiro.com\/inversor\/#website"},"datePublished":"2026-01-05T14:01:49+00:00","dateModified":"2026-02-09T17:44:46+00:00","description":"Aviso legal de Grupo Retiro: titularidad del sitio, condiciones de uso, responsabilidades, propiedad intelectual y normativa aplicable.","breadcrumb":{"@id":"https:\/\/www.gruporetiro.com\/inversor\/aviso-legal\/#breadcrumb"},"inLanguage":"es","potentialAction":[{"@type":"ReadAction","target":["https:\/\/www.gruporetiro.com\/inversor\/aviso-legal\/"]}]},{"@type":"BreadcrumbList","@id":"https:\/\/www.gruporetiro.com\/inversor\/aviso-legal\/#breadcrumb","itemListElement":[{"@type":"ListItem","position":1,"name":"Portada","item":"https:\/\/www.gruporetiro.com\/inversor\/"},{"@type":"ListItem","position":2,"name":"Aviso legal"}]},{"@type":"WebSite","@id":"https:\/\/www.gruporetiro.com\/inversor\/#website","url":"https:\/\/www.gruporetiro.com\/inversor\/","name":"Inversi\u00f3n Renta Vitalicia","description":"","potentialAction":[{"@type":"SearchAction","target":{"@type":"EntryPoint","urlTemplate":"https:\/\/www.gruporetiro.com\/inversor\/?s={search_term_string}"},"query-input":{"@type":"PropertyValueSpecification","valueRequired":true,"valueName":"search_term_string"}}],"inLanguage":"es"}]}},"_links":{"self":[{"href":"https:\/\/www.gruporetiro.com\/inversor\/wp-json\/wp\/v2\/pages\/17832","targetHints":{"allow":["GET"]}}],"collection":[{"href":"https:\/\/www.gruporetiro.com\/inversor\/wp-json\/wp\/v2\/pages"}],"about":[{"href":"https:\/\/www.gruporetiro.com\/inversor\/wp-json\/wp\/v2\/types\/page"}],"author":[{"embeddable":true,"href":"https:\/\/www.gruporetiro.com\/inversor\/wp-json\/wp\/v2\/users\/1"}],"replies":[{"embeddable":true,"href":"https:\/\/www.gruporetiro.com\/inversor\/wp-json\/wp\/v2\/comments?post=17832"}],"version-history":[{"count":12,"href":"https:\/\/www.gruporetiro.com\/inversor\/wp-json\/wp\/v2\/pages\/17832\/revisions"}],"predecessor-version":[{"id":20730,"href":"https:\/\/www.gruporetiro.com\/inversor\/wp-json\/wp\/v2\/pages\/17832\/revisions\/20730"}],"wp:attachment":[{"href":"https:\/\/www.gruporetiro.com\/inversor\/wp-json\/wp\/v2\/media?parent=17832"}],"curies":[{"name":"wp","href":"https:\/\/api.w.org\/{rel}","templated":true}]}}