{"id":16941,"date":"2020-03-02T10:27:05","date_gmt":"2020-03-02T10:27:05","guid":{"rendered":"https:\/\/demo02.houzez.co\/?page_id=16941"},"modified":"2026-02-17T13:10:59","modified_gmt":"2026-02-17T12:10:59","slug":"contacto","status":"publish","type":"page","link":"https:\/\/www.gruporetiro.com\/inversor\/contacto\/","title":{"rendered":"Contacto"},"content":{"rendered":"\t\t<div data-elementor-type=\"wp-page\" data-elementor-id=\"16941\" class=\"elementor elementor-16941\">\n\t\t\t\t<div class=\"elementor-element elementor-element-d4d726a e-con-full e-flex e-con e-parent\" data-id=\"d4d726a\" data-element_type=\"container\" data-e-type=\"container\">\n\t\t<div class=\"elementor-element elementor-element-f265d6c animated-slow e-flex e-con-boxed elementor-invisible e-con e-child\" data-id=\"f265d6c\" data-element_type=\"container\" data-e-type=\"container\" data-settings=\"{&quot;animation&quot;:&quot;fadeIn&quot;}\">\n\t\t\t\t\t<div class=\"e-con-inner\">\n\t\t<div class=\"elementor-element elementor-element-76c94a4 e-con-full e-flex e-con e-child\" data-id=\"76c94a4\" data-element_type=\"container\" data-e-type=\"container\">\n\t\t\t\t<div class=\"elementor-element elementor-element-138f2d2 elementor-widget elementor-widget-heading\" data-id=\"138f2d2\" data-element_type=\"widget\" data-e-type=\"widget\" data-widget_type=\"heading.default\">\n\t\t\t\t\t<h1 class=\"elementor-heading-title elementor-size-default\">Contacto<\/h1>\t\t\t\t<\/div>\n\t\t\t\t<\/div>\n\t\t\t\t\t<\/div>\n\t\t\t\t<\/div>\n\t\t<div class=\"elementor-element elementor-element-c6b4ab4 animated-slow e-flex e-con-boxed elementor-invisible e-con e-child\" data-id=\"c6b4ab4\" data-element_type=\"container\" data-e-type=\"container\" data-settings=\"{&quot;animation&quot;:&quot;fadeIn&quot;}\">\n\t\t\t\t\t<div class=\"e-con-inner\">\n\t\t<div class=\"elementor-element elementor-element-0db4c5b e-con-full e-flex e-con e-child\" data-id=\"0db4c5b\" data-element_type=\"container\" data-e-type=\"container\" data-settings=\"{&quot;background_background&quot;:&quot;classic&quot;}\">\n\t\t\t\t<div class=\"elementor-element elementor-element-6630d95 elementor-widget elementor-widget-text-editor\" data-id=\"6630d95\" data-element_type=\"widget\" data-e-type=\"widget\" data-widget_type=\"text-editor.default\">\n\t\t\t\t\t\t\t\t\t<p>Si tiene alguna duda o quiere\u00a0<strong>solicitar m\u00e1s informaci\u00f3n<\/strong>, p\u00f3ngase en contacto con nosotros en el siguiente formulario:<\/p>\t\t\t\t\t\t\t\t<\/div>\n\t\t\t\t<div class=\"elementor-element elementor-element-896e4f5 elementor-widget__width-inherit elementor-widget elementor-widget-html\" data-id=\"896e4f5\" data-element_type=\"widget\" data-e-type=\"widget\" data-widget_type=\"html.default\">\n\t\t\t\t\t<div id=\"zf_div_Ah2jKTG2VbVGWExCtZb__AjY6OwDGMxAJk_3XpDa3v4\">\n<\/div>\n<script type=\"text\/javascript\">\n(function() {\n\ttry{\n\t\tvar f = document.createElement(\"iframe\");\n\t\t\n\t\t\tvar ifrmSrc = 'https:\/\/forms.zohopublic.eu\/gruporetiro\/form\/ContactoIRV\/formperma\/Ah2jKTG2VbVGWExCtZb__AjY6OwDGMxAJk_3XpDa3v4?zf_rszfm=1';\n\t\t\n\t\t\n        try{\n\t\t\tif ( typeof ZFAdvLead != \"undefined\" && typeof zfutm_zfAdvLead != \"undefined\" ) {\n\t\t\t\tfor( var prmIdx = 0 ; prmIdx < ZFAdvLead.utmPNameArr.length ; prmIdx ++ ) {\n\t\t\t\t    var utmPm = ZFAdvLead.utmPNameArr[ prmIdx ];\n\t\t\t\t    utmPm = ( ZFAdvLead.isSameDomian && ( ZFAdvLead.utmcustPNameArr.indexOf(utmPm) == -1 ) ) ? \"zf_\" + utmPm : utmPm;\n\t\t\t\t    var utmVal = zfutm_zfAdvLead.zfautm_gC_enc( ZFAdvLead.utmPNameArr[ prmIdx ] );\n\t\t\t\t    if ( typeof utmVal !== \"undefined\" ) {\n\t\t\t\t      if ( utmVal != \"\" ) {\n\t\t\t\t        if(ifrmSrc.indexOf('?') > 0){\n\t\t\t\t             ifrmSrc = ifrmSrc+'&'+utmPm+'='+utmVal;\n\t\t\t\t        }else{\n\t\t\t\t            ifrmSrc = ifrmSrc+'?'+utmPm+'='+utmVal;\n\t\t\t\t        }\n\t\t\t\t      }\n\t\t\t\t    }\n\t\t\t\t}\n\t\t\t}\n\t\t\tif ( typeof ZFLead !== \"undefined\" && typeof zfutm_zfLead !== \"undefined\" ) {\n\t\t\t\tfor( var prmIdx = 0 ; prmIdx < ZFLead.utmPNameArr.length ; prmIdx ++ ) {\n\t\t        \tvar utmPm = ZFLead.utmPNameArr[ prmIdx ];\n\t\t        \tvar utmVal = zfutm_zfLead.zfutm_gC_enc( ZFLead.utmPNameArr[ prmIdx ] );\n\t\t\t        if ( typeof utmVal !== \"undefined\" ) {\n\t\t\t          if ( utmVal != \"\" ){\n\t\t\t            if(ifrmSrc.indexOf('?') > 0){\n\t\t\t              ifrmSrc = ifrmSrc+'&'+utmPm+'='+utmVal;\/\/No I18N\n\t\t\t            }else{\n\t\t\t              ifrmSrc = ifrmSrc+'?'+utmPm+'='+utmVal;\/\/No I18N\n\t\t\t            }\n\t\t\t          }\n\t\t\t        }\n\t\t      \t}\n\t\t\t}\n\t\t}catch(e){}\n\t\t\n\t\tf.src = ifrmSrc;\n\t\tf.style.border=\"none\";\n\t\tf.style.height=\"608px\";\n\t\tf.style.width=\"90%\";\n\t\tf.style.transition=\"all 0.5s ease\";\n\t\tf.setAttribute(\"aria-label\", 'Contacto IRV');\n\t\t\n\t\tvar d = document.getElementById(\"zf_div_Ah2jKTG2VbVGWExCtZb__AjY6OwDGMxAJk_3XpDa3v4\");\n\t\td.appendChild(f);\n\t\twindow.addEventListener('message', function (){\n\t\t\tvar evntData = event.data;\n\t\t\tif( evntData && evntData.constructor == String ){\n\t\t\t\tvar zf_ifrm_data = evntData.split(\"|\");\n\t\t\t\tif ( zf_ifrm_data.length == 2 || zf_ifrm_data.length == 3 ) {\n\t\t\t\t\tvar zf_perma = zf_ifrm_data[0];\n\t\t\t\t\tvar zf_ifrm_ht_nw = ( parseInt(zf_ifrm_data[1], 10) + 15 ) + \"px\";\n\t\t\t\t\tvar iframe = document.getElementById(\"zf_div_Ah2jKTG2VbVGWExCtZb__AjY6OwDGMxAJk_3XpDa3v4\").getElementsByTagName(\"iframe\")[0];\n\t\t\t\t\tif ( (iframe.src).indexOf('formperma') > 0 && (iframe.src).indexOf(zf_perma) > 0 ) {\n\t\t\t\t\t\tvar prevIframeHeight = iframe.style.height;\n\t\t\t\t\t\tvar zf_tout = false;\n\t\t\t\t\t\tif( zf_ifrm_data.length == 3 ) {\n\t\t\t\t\t\t    iframe.scrollIntoView();\n\t\t\t\t\t\t    zf_tout = true;\n\t\t\t\t\t\t}\n\n\t\t\t\t\t\tif ( prevIframeHeight != zf_ifrm_ht_nw ) {\n\t\t\t\t\t\t\tif( zf_tout ) {\n\t\t\t\t\t\t\t    setTimeout(function(){\n\t\t\t\t\t\t\t        iframe.style.height = zf_ifrm_ht_nw;\n\t\t\t\t\t\t\t    },500);\n\t\t\t\t\t\t\t} else {\n\t\t\t\t\t\t\t    iframe.style.height = zf_ifrm_ht_nw;\n\t\t\t\t\t\t\t}\n\t\t\t\t\t\t}\n\t\t\t\t\t}\n\t\t\t\t}\n\t\t\t}\n\t\t}, false);\n    }catch(e){}\n})();\n<\/script>\t\t\n\n\n\n\n\t\t\t\t<\/div>\n\t\t\t\t<\/div>\n\t\t<div class=\"elementor-element elementor-element-4a1f97f e-con-full e-flex e-con e-child\" data-id=\"4a1f97f\" data-element_type=\"container\" data-e-type=\"container\">\n\t\t\t\t<\/div>\n\t\t<div class=\"elementor-element elementor-element-303b535 e-con-full e-flex e-con e-child\" data-id=\"303b535\" data-element_type=\"container\" data-e-type=\"container\">\n\t\t\t\t<div class=\"elementor-element elementor-element-c245a37 elementor-widget elementor-widget-text-editor\" data-id=\"c245a37\" data-element_type=\"widget\" data-e-type=\"widget\" data-widget_type=\"text-editor.default\">\n\t\t\t\t\t\t\t\t\t<p><strong style=\"color: #274842; font-size: 15px; font-weight: bold; display: block; margin-bottom: 4px;\">OFICINAS CENTRALES:<\/strong><span style=\"font-size: 14px; font-weight: 500; display: block; margin-bottom: 16px;\">C\/ Vel\u00e1zquez 18, 2\u00ba izda. 28001 Madrid<\/span><strong style=\"color: #274842; font-size: 15px; font-weight: bold; display: block; margin-bottom: 4px;\">TEL\u00c9FONO \/ WHATSAPP:<\/strong><span style=\"font-size: 14px; font-weight: 500; display: block; margin-bottom: 16px;\">Tel.: 91 577 42 40 &#8211; WhatsApp: 676 95 45 81<\/span><strong style=\"color: #274842; font-size: 15px; font-weight: bold; display: block; margin-bottom: 4px;\">EMAIL:<\/strong><span style=\"font-size: 14px; font-weight: 500; display: block; margin-bottom: 16px;\">inversores@gruporetiro.com<\/span><strong style=\"color: #274842; font-size: 15px; font-weight: bold; display: block; margin-bottom: 4px;\">DELEGACIONES:<\/strong><span style=\"font-size: 14px; font-weight: 500; display: block; line-height: 1.6;\"><span data-olk-copy-source=\"MessageBody\">Catalu\u00f1a, Pa\u00eds Vasco, Navarra, Cantabria, Andaluc\u00eda, C. Valenciana, Murcia, Islas Baleares, Islas Canarias, Arag\u00f3n y La Rioja.<\/span><\/span><\/p>\t\t\t\t\t\t\t\t<\/div>\n\t\t\t\t<\/div>\n\t\t\t\t\t<\/div>\n\t\t\t\t<\/div>\n\t\t\t\t<\/div>\n\t\t<div class=\"elementor-element elementor-element-397f219 animated-slow e-con-full e-flex elementor-invisible e-con e-parent\" data-id=\"397f219\" data-element_type=\"container\" data-e-type=\"container\" data-settings=\"{&quot;animation&quot;:&quot;fadeIn&quot;}\">\n\t\t<div class=\"elementor-element elementor-element-dc55f44 e-flex e-con-boxed e-con e-child\" data-id=\"dc55f44\" data-element_type=\"container\" data-e-type=\"container\">\n\t\t\t\t\t<div class=\"e-con-inner\">\n\t\t\t\t<div class=\"elementor-element elementor-element-8bfb64d elementor-widget elementor-widget-google_maps\" data-id=\"8bfb64d\" data-element_type=\"widget\" data-e-type=\"widget\" data-widget_type=\"google_maps.default\">\n\t\t\t\t\t\t\t<div class=\"elementor-custom-embed\">\n\t\t\t<iframe loading=\"lazy\"\n\t\t\t\t\tsrc=\"https:\/\/www.google.com\/maps\/embed\/v1\/place?key=AIzaSyB_WeMIm1Ni_E5eITo0yT-F7fyMyK0C0b0&#038;q=GRUPO%20RETIRO%20Calle%20Vel%C3%A1zquez%2C%2018%2C%202%C2%BA%20izq%2C%20Salamanca%2C%2028001%20Madrid&#038;zoom=18\"\n\t\t\t\t\ttitle=\"GRUPO RETIRO Calle Vel\u00e1zquez, 18, 2\u00ba izq, Salamanca, 28001 Madrid\"\n\t\t\t\t\taria-label=\"GRUPO RETIRO Calle Vel\u00e1zquez, 18, 2\u00ba izq, Salamanca, 28001 Madrid\"\n\t\t\t><\/iframe>\n\t\t<\/div>\n\t\t\t\t\t\t<\/div>\n\t\t\t\t\t<\/div>\n\t\t\t\t<\/div>\n\t\t\t\t<\/div>\n\t\t\t\t<\/div>\n\t\t","protected":false},"excerpt":{"rendered":"<p>Contacto Si tiene alguna duda o quiere\u00a0solicitar m\u00e1s informaci\u00f3n, p\u00f3ngase en contacto con nosotros en el siguiente formulario: OFICINAS CENTRALES:C\/ Vel\u00e1zquez 18, 2\u00ba izda. 28001 MadridTEL\u00c9FONO \/ WHATSAPP:Tel.: 91 577 42 40 &#8211; WhatsApp: 676 95 45 81EMAIL:inversores@gruporetiro.comDELEGACIONES:Catalu\u00f1a, Pa\u00eds Vasco, Navarra, Cantabria, Andaluc\u00eda, C. Valenciana, Murcia, Islas Baleares, Islas Canarias, Arag\u00f3n y La Rioja.<\/p>\n","protected":false},"author":1,"featured_media":0,"parent":0,"menu_order":0,"comment_status":"closed","ping_status":"closed","template":"template\/template-homepage.php","meta":{"_acf_changed":false,"content-type":"","footnotes":""},"class_list":["post-16941","page","type-page","status-publish","hentry"],"acf":[],"yoast_head":"<!-- This site is optimized with the Yoast SEO plugin v26.9 - https:\/\/yoast.com\/product\/yoast-seo-wordpress\/ -->\n<title>Contacto para inversores | Grupo Retiro<\/title>\n<meta name=\"description\" content=\"Contacta con Grupo Retiro para invertir en renta vitalicia, nuda propiedad o compra con alquiler garantizado. Te ayudamos a evaluar opciones y rentabilidad.\" \/>\n<meta name=\"robots\" content=\"index, follow, max-snippet:-1, max-image-preview:large, max-video-preview:-1\" \/>\n<link rel=\"canonical\" href=\"https:\/\/www.gruporetiro.com\/inversor\/contacto\/\" \/>\n<meta property=\"og:locale\" content=\"es_ES\" \/>\n<meta property=\"og:type\" content=\"article\" \/>\n<meta property=\"og:title\" content=\"Contacto para inversores | Grupo Retiro\" \/>\n<meta property=\"og:description\" content=\"Contacta con Grupo Retiro para invertir en renta vitalicia, nuda propiedad o compra con alquiler garantizado. Te ayudamos a evaluar opciones y rentabilidad.\" \/>\n<meta property=\"og:url\" content=\"https:\/\/www.gruporetiro.com\/inversor\/contacto\/\" \/>\n<meta property=\"og:site_name\" content=\"Inversi\u00f3n Renta Vitalicia\" \/>\n<meta property=\"article:modified_time\" content=\"2026-02-17T12:10:59+00:00\" \/>\n<meta name=\"twitter:card\" content=\"summary_large_image\" \/>\n<meta name=\"twitter:label1\" content=\"Tiempo de lectura\" \/>\n\t<meta name=\"twitter:data1\" content=\"1 minuto\" \/>\n<script type=\"application\/ld+json\" class=\"yoast-schema-graph\">{\"@context\":\"https:\/\/schema.org\",\"@graph\":[{\"@type\":\"WebPage\",\"@id\":\"https:\/\/www.gruporetiro.com\/inversor\/contacto\/\",\"url\":\"https:\/\/www.gruporetiro.com\/inversor\/contacto\/\",\"name\":\"Contacto para inversores | Grupo Retiro\",\"isPartOf\":{\"@id\":\"https:\/\/www.gruporetiro.com\/inversor\/#website\"},\"datePublished\":\"2020-03-02T10:27:05+00:00\",\"dateModified\":\"2026-02-17T12:10:59+00:00\",\"description\":\"Contacta con Grupo Retiro para invertir en renta vitalicia, nuda propiedad o compra con alquiler garantizado. Te ayudamos a evaluar opciones y rentabilidad.\",\"breadcrumb\":{\"@id\":\"https:\/\/www.gruporetiro.com\/inversor\/contacto\/#breadcrumb\"},\"inLanguage\":\"es\",\"potentialAction\":[{\"@type\":\"ReadAction\",\"target\":[\"https:\/\/www.gruporetiro.com\/inversor\/contacto\/\"]}]},{\"@type\":\"BreadcrumbList\",\"@id\":\"https:\/\/www.gruporetiro.com\/inversor\/contacto\/#breadcrumb\",\"itemListElement\":[{\"@type\":\"ListItem\",\"position\":1,\"name\":\"Portada\",\"item\":\"https:\/\/www.gruporetiro.com\/inversor\/\"},{\"@type\":\"ListItem\",\"position\":2,\"name\":\"Contacto\"}]},{\"@type\":\"WebSite\",\"@id\":\"https:\/\/www.gruporetiro.com\/inversor\/#website\",\"url\":\"https:\/\/www.gruporetiro.com\/inversor\/\",\"name\":\"Inversi\u00f3n Renta Vitalicia\",\"description\":\"\",\"potentialAction\":[{\"@type\":\"SearchAction\",\"target\":{\"@type\":\"EntryPoint\",\"urlTemplate\":\"https:\/\/www.gruporetiro.com\/inversor\/?s={search_term_string}\"},\"query-input\":{\"@type\":\"PropertyValueSpecification\",\"valueRequired\":true,\"valueName\":\"search_term_string\"}}],\"inLanguage\":\"es\"}]}<\/script>\n<!-- \/ Yoast SEO plugin. -->","yoast_head_json":{"title":"Contacto para inversores | Grupo Retiro","description":"Contacta con Grupo Retiro para invertir en renta vitalicia, nuda propiedad o compra con alquiler garantizado. Te ayudamos a evaluar opciones y rentabilidad.","robots":{"index":"index","follow":"follow","max-snippet":"max-snippet:-1","max-image-preview":"max-image-preview:large","max-video-preview":"max-video-preview:-1"},"canonical":"https:\/\/www.gruporetiro.com\/inversor\/contacto\/","og_locale":"es_ES","og_type":"article","og_title":"Contacto para inversores | Grupo Retiro","og_description":"Contacta con Grupo Retiro para invertir en renta vitalicia, nuda propiedad o compra con alquiler garantizado. Te ayudamos a evaluar opciones y rentabilidad.","og_url":"https:\/\/www.gruporetiro.com\/inversor\/contacto\/","og_site_name":"Inversi\u00f3n Renta Vitalicia","article_modified_time":"2026-02-17T12:10:59+00:00","twitter_card":"summary_large_image","twitter_misc":{"Tiempo de lectura":"1 minuto"},"schema":{"@context":"https:\/\/schema.org","@graph":[{"@type":"WebPage","@id":"https:\/\/www.gruporetiro.com\/inversor\/contacto\/","url":"https:\/\/www.gruporetiro.com\/inversor\/contacto\/","name":"Contacto para inversores | Grupo Retiro","isPartOf":{"@id":"https:\/\/www.gruporetiro.com\/inversor\/#website"},"datePublished":"2020-03-02T10:27:05+00:00","dateModified":"2026-02-17T12:10:59+00:00","description":"Contacta con Grupo Retiro para invertir en renta vitalicia, nuda propiedad o compra con alquiler garantizado. Te ayudamos a evaluar opciones y rentabilidad.","breadcrumb":{"@id":"https:\/\/www.gruporetiro.com\/inversor\/contacto\/#breadcrumb"},"inLanguage":"es","potentialAction":[{"@type":"ReadAction","target":["https:\/\/www.gruporetiro.com\/inversor\/contacto\/"]}]},{"@type":"BreadcrumbList","@id":"https:\/\/www.gruporetiro.com\/inversor\/contacto\/#breadcrumb","itemListElement":[{"@type":"ListItem","position":1,"name":"Portada","item":"https:\/\/www.gruporetiro.com\/inversor\/"},{"@type":"ListItem","position":2,"name":"Contacto"}]},{"@type":"WebSite","@id":"https:\/\/www.gruporetiro.com\/inversor\/#website","url":"https:\/\/www.gruporetiro.com\/inversor\/","name":"Inversi\u00f3n Renta Vitalicia","description":"","potentialAction":[{"@type":"SearchAction","target":{"@type":"EntryPoint","urlTemplate":"https:\/\/www.gruporetiro.com\/inversor\/?s={search_term_string}"},"query-input":{"@type":"PropertyValueSpecification","valueRequired":true,"valueName":"search_term_string"}}],"inLanguage":"es"}]}},"_links":{"self":[{"href":"https:\/\/www.gruporetiro.com\/inversor\/wp-json\/wp\/v2\/pages\/16941","targetHints":{"allow":["GET"]}}],"collection":[{"href":"https:\/\/www.gruporetiro.com\/inversor\/wp-json\/wp\/v2\/pages"}],"about":[{"href":"https:\/\/www.gruporetiro.com\/inversor\/wp-json\/wp\/v2\/types\/page"}],"author":[{"embeddable":true,"href":"https:\/\/www.gruporetiro.com\/inversor\/wp-json\/wp\/v2\/users\/1"}],"replies":[{"embeddable":true,"href":"https:\/\/www.gruporetiro.com\/inversor\/wp-json\/wp\/v2\/comments?post=16941"}],"version-history":[{"count":115,"href":"https:\/\/www.gruporetiro.com\/inversor\/wp-json\/wp\/v2\/pages\/16941\/revisions"}],"predecessor-version":[{"id":21065,"href":"https:\/\/www.gruporetiro.com\/inversor\/wp-json\/wp\/v2\/pages\/16941\/revisions\/21065"}],"wp:attachment":[{"href":"https:\/\/www.gruporetiro.com\/inversor\/wp-json\/wp\/v2\/media?parent=16941"}],"curies":[{"name":"wp","href":"https:\/\/api.w.org\/{rel}","templated":true}]}}